{"id":197,"date":"2018-11-18T11:37:44","date_gmt":"2018-11-18T10:37:44","guid":{"rendered":"http:\/\/lisasellier.fr\/?page_id=197"},"modified":"2021-10-13T14:42:32","modified_gmt":"2021-10-13T13:42:32","slug":"about","status":"publish","type":"page","link":"https:\/\/lisasellier.fr\/index.php\/lisa-sellier\/about\/","title":{"rendered":"CV"},"content":{"rendered":"\n<p class=\"has-small-font-size\" style=\"line-height:1\">N\u00e9e en 1994 \u00e0 Boulogne-sur-mer (France)<br><br>Vit et travaille \u00e0 Bruxelles<\/p>\n\n\n\n<p class=\"has-small-font-size\" style=\"line-height:1\"><br><\/p>\n\n\n\n<hr class=\"wp-block-separator\"\/>\n\n\n\n<h5 class=\"has-normal-font-size wp-block-heading\"><strong>Expositions collectives<\/strong><\/h5>\n\n\n\n<p class=\"has-small-font-size\" style=\"line-height:1\">2021 <em>Jury artistique<\/em>, Espace Vanderborght, Bruxelles<\/p>\n\n\n\n<p class=\"has-small-font-size\" style=\"line-height:1\">2020 <em>De A \u00e0 B et au-del\u00e0<\/em>, MAAC, Bruxelles<\/p>\n\n\n\n<p class=\"has-small-font-size\" style=\"line-height:1\">2018 <em>Flash 5<\/em>, Galerie Commune, ESA, Tourcoing<\/p>\n\n\n\n<p class=\"has-small-font-size\" style=\"line-height:1\">2017<em> R\u00e9v\u00e9lation by Art Up !<\/em>, Grand Palais, Lille<\/p>\n\n\n\n<p class=\"has-small-font-size\" style=\"line-height:1\">2016 <em>Skate or die<\/em>, Maison des Ensembles, Paris 12\u00e8<\/p>\n\n\n\n<p class=\"has-small-font-size\" style=\"line-height:1\">2016 <em>Flash 5<\/em>, Galerie Commune, ESA, Tourcoing<\/p>\n\n\n\n<p class=\"has-small-font-size\" style=\"line-height:1\">2015 <em>Aile 10, entre culture et acculturation<\/em>, EPSM Lille M\u00e9tropole, Armenti\u00e8res<\/p>\n\n\n\n<p class=\"has-small-font-size\" style=\"line-height:1\">2015 <em>Bad Seeds<\/em>, L&rsquo;Hybride, Lille<\/p>\n\n\n\n<p class=\"has-small-font-size\" style=\"line-height:1\">2015 <em>Flash 4<\/em>, Galerie Commune, ESA, Tourcoing<\/p>\n\n\n\n<hr class=\"wp-block-separator\"\/>\n\n\n\n<h5 class=\"has-normal-font-size wp-block-heading\">Workshops<\/h5>\n\n\n\n<p class=\"has-small-font-size\" style=\"line-height:1\">2017 <em>L\u2019\u00c9cole de Mont Cotton invite l\u2019ESA<\/em>, Bagnols-sur-C\u00e8ze<\/p>\n\n\n\n<hr class=\"wp-block-separator\"\/>\n\n\n\n<h5 class=\"wp-block-heading\"><strong>Formation<\/strong><\/h5>\n\n\n\n<p class=\"has-text-align-left has-small-font-size\" style=\"line-height:1\">2021 <strong>Dipl\u00f4me Master Arts Plastiques, visuels et de l&rsquo;espace <\/strong>(Option Dessin), Acad\u00e9mie Royale             des Beaux-Arts de Bruxelles <\/p>\n\n\n\n<p class=\"has-small-font-size\" style=\"line-height:1\">2020\/2019  Acad\u00e9mie Royale des Beaux-Arts de Bruxelles (Master 1 et 2 Cursus Dessin)<\/p>\n\n\n\n<p class=\"has-small-font-size\" style=\"line-height:1\"><br>2018\/2017\/2016 \u00c9cole Sup\u00e9rieure d&rsquo;art de Tourcoing (Master 1 et 2)<\/p>\n\n\n\n<p class=\"has-small-font-size\" style=\"line-height:1\">2015 <strong>Dipl\u00f4me National d&rsquo;Arts<\/strong>, (Licence\/Bachelor), \u00c9cole Sup\u00e9rieure d&rsquo;art de Tourcoing<\/p>\n\n\n\n<p class=\"has-small-font-size\" style=\"line-height:1\">2012 Baccalaur\u00e9at Litt\u00e9raire Option Arts Plastiques, Lyc\u00e9e Mariette, Boulogne-sur-Mer (62200)<\/p>\n\n\n\n<hr class=\"wp-block-separator\"\/>\n\n\n\n<h5 class=\"wp-block-heading\"><strong>Stages<\/strong><\/h5>\n\n\n\n<p class=\"has-small-font-size\" style=\"line-height:1\">2016 Assistanat d\u2019artiste avec Julie Marescq, Tourcoing<\/p>\n\n\n\n<p class=\"has-small-font-size\" style=\"line-height:1\">2014 Assistanat d\u2019artiste, Aide \u00e0 l\u2019accrochage et \u00e0 la sc\u00e9nographie,<em> Le B.A.R.#2<\/em>, Roubaix<\/p>\n","protected":false},"excerpt":{"rendered":"<p>N\u00e9e en 1994 \u00e0 Boulogne-sur-mer (France) Vit et travaille \u00e0 Bruxelles Expositions collectives 2021 Jury artistique, Espace Vanderborght, Bruxelles 2020 De A \u00e0 B et au-del\u00e0, MAAC, Bruxelles 2018 Flash 5, Galerie Commune, ESA, Tourcoing 2017 R\u00e9v\u00e9lation by Art Up !, Grand Palais, Lille 2016 Skate or die, Maison des Ensembles, Paris 12\u00e8 2016 Flash [&hellip;]<\/p>\n","protected":false},"author":1,"featured_media":0,"parent":233,"menu_order":0,"comment_status":"closed","ping_status":"closed","template":"","meta":{"jetpack_post_was_ever_published":false,"footnotes":""},"jetpack_sharing_enabled":true,"jetpack_shortlink":"https:\/\/wp.me\/PatttZ-3b","_links":{"self":[{"href":"https:\/\/lisasellier.fr\/index.php\/wp-json\/wp\/v2\/pages\/197"}],"collection":[{"href":"https:\/\/lisasellier.fr\/index.php\/wp-json\/wp\/v2\/pages"}],"about":[{"href":"https:\/\/lisasellier.fr\/index.php\/wp-json\/wp\/v2\/types\/page"}],"author":[{"embeddable":true,"href":"https:\/\/lisasellier.fr\/index.php\/wp-json\/wp\/v2\/users\/1"}],"replies":[{"embeddable":true,"href":"https:\/\/lisasellier.fr\/index.php\/wp-json\/wp\/v2\/comments?post=197"}],"version-history":[{"count":12,"href":"https:\/\/lisasellier.fr\/index.php\/wp-json\/wp\/v2\/pages\/197\/revisions"}],"predecessor-version":[{"id":482,"href":"https:\/\/lisasellier.fr\/index.php\/wp-json\/wp\/v2\/pages\/197\/revisions\/482"}],"up":[{"embeddable":true,"href":"https:\/\/lisasellier.fr\/index.php\/wp-json\/wp\/v2\/pages\/233"}],"wp:attachment":[{"href":"https:\/\/lisasellier.fr\/index.php\/wp-json\/wp\/v2\/media?parent=197"}],"curies":[{"name":"wp","href":"https:\/\/api.w.org\/{rel}","templated":true}]}}